{"id":3831,"date":"2021-06-07T19:24:44","date_gmt":"2021-06-07T17:24:44","guid":{"rendered":"http:\/\/www.akoneo-international.com\/mentions-legales\/"},"modified":"2021-07-01T18:59:31","modified_gmt":"2021-07-01T16:59:31","slug":"legal-notices","status":"publish","type":"page","link":"https:\/\/www.akoneo-international.com\/en\/legal-notices\/","title":{"rendered":"Legal notices"},"content":{"rendered":"<p>[vc_row full_width=&#8221;stretch_row&#8221; css=&#8221;.vc_custom_1623495025759{background-color: #000060 !important;}&#8221;][vc_column css=&#8221;.vc_custom_1623495049084{padding-top: 0px !important;}&#8221;]<div class=\"clearboth\"><\/div><div class=\"gem-divider \" style=\"margin-top: 200px;\"><\/div>[vc_column_text css_animation=&#8221;rotateIn&#8221; css=&#8221;.vc_custom_1624389596177{margin-bottom: 0px !important;}&#8221;]<\/p>\r\n<h1 style=\"text-align: center;\">Legal notices<\/h1>\r\n<p>[\/vc_column_text]<div class=\"clearboth\"><\/div><div class=\"gem-divider \" style=\"margin-top: 120px;\"><\/div>[\/vc_column][\/vc_row][vc_row css=&#8221;.vc_custom_1623518234996{margin-bottom: 0px !important;}&#8221;][vc_column][vc_column_text]<\/p>\r\n<p>&#8220;Information technology must be at the service of every citizen. It must not affect human identity, human rights, privacy, or individual or public freedoms&#8221; (Article 1 of the law of 6\/1\/1978).<\/p>\r\n<p>It is in this state of mind that we provide you with information on our website.<\/p>\r\n<p>We commit ourselves to respect the rules of operation that you will find below.<\/p>\r\n<p>You have the right to access, modify, rectify and delete data concerning you (Article 34 of the French law on &#8220;Information Technology and Civil Liberties&#8221;).<\/p>\r\n<p>To exercise this right, please contact Akoneo International<br \/>52, route de Bischwiller 67300 SCHILTIGHEIM<br \/>Tel: <a href=\"tel:0367290160\">03 67 29 01 60<\/a><\/p>\r\n<h2>Personal data not provided<\/h2>\r\n<p>We do not sell, rent or give to third parties any personal data (name, address, telephone, fax numbers or e-mail address) provided by people visiting this site. This information will not be used without your consent, we will only use it to send you mailings and brochures. In accordance with the law, you have the right to access and rectify any personal information that we may collect.<\/p>\r\n<h2>Exploitation rights and protection of materials<\/h2>\r\n<p>All the companies having contributed to the creation and the implementation of this site cannot be held responsible for possible damages, direct or indirect, which could result from your access or use of this site.<\/p>\r\n<p>Furthermore, Akoneo International cannot be held responsible for any damage or virus that may infect your computer or any other computer equipment, following use of or access to the site or downloading from this site.<\/p>\r\n<p>All texts and illustrations on this site are subject to copyright. Their reproduction for personal use is accepted but their unauthorized modification or diffusion is forbidden.<\/p>\r\n<p>Akoneo International does not guarantee the accuracy of the information on this site or its suitability for a particular purpose.<\/p>\r\n<p>Any information that you communicate to Akoneo International via the Internet, including remarks, suggestions, ideas, drawings, etc., become and remain the exclusive property of Akoneo International, without any restriction on the right of use, and without any remuneration for yourself or a third party. Moreover, this information will not be treated by us as confidential.<\/p>\r\n<p>Links to other sites may take you out of the Akoneo International site. We do not accept any responsibility for the sites pointed to. These links are established in good faith and we cannot be held responsible for any changes on these sites.<\/p>\r\n<h2>Service Editor<\/h2>\r\n<h3>Akoneo International<\/h3>\r\n<p>52, route de Bischwiller 67300 SCHILTIGHEIM<br \/>Tel: <a href=\"tel:0367290160\">03 67 29 01 60<\/a><\/p>\r\n<h3>Site hosting:<\/h3>\r\n<p>The site is hosted by OVH<\/p>\r\n<h3>Director of publication of the site :<\/h3>\r\n<p>Micka\u00ebl Guarinos<\/p>\r\n<h3>Site realization, technical maintenance:<\/h3>\r\n<p>ABITIO<br \/>Soci\u00e9t\u00e9 par actions simplifi\u00e9e<br \/>SIREN : 800 813 933<br \/>52, route de Bischwiller 67300 SCHILTIGHEIM<br \/>Tel: <a href=\"tel:0367290160\">03 67 29 01 60<\/a><br \/>Email : <a href=\"mailto:international@akoneo.fr\" target=\"_blank\" rel=\"noopener\">international@akoneo.fr<\/a><\/p>\r\n<p>[\/vc_column_text]<div class=\"clearboth\"><\/div><div class=\"gem-divider \" style=\"margin-top: 40px;\"><\/div><div class=\"gem-button-container gem-button-position-left thegem-button-69f2a264ae4405105 btn\" ><a title=\"Return to the Home Page\" class=\"gem-button gem-button-size-medium gem-button-style-flat gem-button-text-weight-normal\" style=\"border-radius: 5px;background-color: #c62447;color: #ffffff;\" onmouseleave=\"this.style.backgroundColor='#c62447';this.style.color='#ffffff';\" onmouseenter=\"this.style.backgroundColor='#000060';this.style.color='#ffffff';\" href=\"\/en\/\" target=\"_self\">Return to the Home Page<\/a><\/div> [\/vc_column][\/vc_row][vc_row full_width=&#8221;stretch_row&#8221; css_animation=&#8221;slideInUp&#8221; css=&#8221;.vc_custom_1623518243988{margin-bottom: 0px !important;padding-bottom: 80px !important;background-image: url(http:\/\/www.akoneo-international.com\/wp-content\/uploads\/2021\/06\/bandeau-ville_union-europeenne-akoneo_bleu.svg?id=3604) !important;background-position: center !important;background-repeat: no-repeat !important;background-size: contain !important;}&#8221; el_class=&#8221;bandeau-monuments&#8221; el_id=&#8221;bandeau-monuments&#8221;][vc_column css=&#8221;.vc_custom_1623167197868{padding-top: 0px !important;}&#8221;]<div class=\"clearboth\"><\/div><div class=\"gem-divider resp-bg-bottom-new\" style=\"\"><\/div>[\/vc_column][\/vc_row]<\/p>","protected":false},"excerpt":{"rendered":"<p>[vc_row full_width=&#8221;stretch_row&#8221; css=&#8221;.vc_custom_1623495025759{background-color: #000060 !important;}&#8221;][vc_column css=&#8221;.vc_custom_1623495049084{padding-top: 0px !important;}&#8221;][vc_column_text css_animation=&#8221;rotateIn&#8221; css=&#8221;.vc_custom_1624389596177{margin-bottom: 0px !important;}&#8221;] Legal notices [\/vc_column_text][\/vc_column][\/vc_row][vc_row css=&#8221;.vc_custom_1623518234996{margin-bottom: 0px !important;}&#8221;][vc_column][vc_column_text] &#8220;Information technology&#8230;<\/p>\n","protected":false},"author":1,"featured_media":0,"parent":0,"menu_order":8,"comment_status":"closed","ping_status":"closed","template":"","meta":{"inline_featured_image":false,"footnotes":""},"class_list":["post-3831","page","type-page","status-publish"],"yoast_head":"<!-- This site is optimized with the Yoast SEO plugin v20.6 - https:\/\/yoast.com\/wordpress\/plugins\/seo\/ -->\n<title>Legal notices | AKONEO International - Tax Representative<\/title>\n<meta name=\"description\" content=\"Tax representation company specialised in VAT management in France and Europe | Business advice | Akoneo international\" \/>\n<meta name=\"robots\" content=\"index, follow, max-snippet:-1, max-image-preview:large, max-video-preview:-1\" \/>\n<link rel=\"canonical\" href=\"https:\/\/www.akoneo-international.com\/en\/legal-notices\/\" \/>\n<meta property=\"og:locale\" content=\"en_US\" \/>\n<meta property=\"og:type\" content=\"article\" \/>\n<meta property=\"og:title\" content=\"Legal notices | AKONEO International - Tax Representative\" \/>\n<meta property=\"og:description\" content=\"Tax representation company specialised in VAT management in France and Europe | Business advice | Akoneo international\" \/>\n<meta property=\"og:url\" content=\"https:\/\/www.akoneo-international.com\/en\/legal-notices\/\" \/>\n<meta property=\"og:site_name\" content=\"AKONEO International\" \/>\n<meta property=\"article:modified_time\" content=\"2021-07-01T16:59:31+00:00\" \/>\n<meta name=\"twitter:card\" content=\"summary_large_image\" \/>\n<meta name=\"twitter:label1\" content=\"Est. reading time\" \/>\n\t<meta name=\"twitter:data1\" content=\"3 minutes\" \/>\n<script type=\"application\/ld+json\" class=\"yoast-schema-graph\">{\"@context\":\"https:\/\/schema.org\",\"@graph\":[{\"@type\":\"WebPage\",\"@id\":\"https:\/\/www.akoneo-international.com\/en\/legal-notices\/\",\"url\":\"https:\/\/www.akoneo-international.com\/en\/legal-notices\/\",\"name\":\"Legal notices | AKONEO International - Tax Representative\",\"isPartOf\":{\"@id\":\"https:\/\/www.akoneo-international.com\/#website\"},\"datePublished\":\"2021-06-07T17:24:44+00:00\",\"dateModified\":\"2021-07-01T16:59:31+00:00\",\"description\":\"Tax representation company specialised in VAT management in France and Europe | Business advice | Akoneo international\",\"breadcrumb\":{\"@id\":\"https:\/\/www.akoneo-international.com\/en\/legal-notices\/#breadcrumb\"},\"inLanguage\":\"en-US\",\"potentialAction\":[{\"@type\":\"ReadAction\",\"target\":[\"https:\/\/www.akoneo-international.com\/en\/legal-notices\/\"]}]},{\"@type\":\"BreadcrumbList\",\"@id\":\"https:\/\/www.akoneo-international.com\/en\/legal-notices\/#breadcrumb\",\"itemListElement\":[{\"@type\":\"ListItem\",\"position\":1,\"name\":\"Accueil\",\"item\":\"https:\/\/www.akoneo-international.com\/en\/\"},{\"@type\":\"ListItem\",\"position\":2,\"name\":\"Legal notices\"}]},{\"@type\":\"WebSite\",\"@id\":\"https:\/\/www.akoneo-international.com\/#website\",\"url\":\"https:\/\/www.akoneo-international.com\/\",\"name\":\"AKONEO International\",\"description\":\"Repr\u00e9sentant fiscal dans l\u2019UE\",\"potentialAction\":[{\"@type\":\"SearchAction\",\"target\":{\"@type\":\"EntryPoint\",\"urlTemplate\":\"https:\/\/www.akoneo-international.com\/?s={search_term_string}\"},\"query-input\":\"required name=search_term_string\"}],\"inLanguage\":\"en-US\"}]}<\/script>\n<!-- \/ Yoast SEO plugin. -->","yoast_head_json":{"title":"Legal notices | AKONEO International - Tax Representative","description":"Tax representation company specialised in VAT management in France and Europe | Business advice | Akoneo international","robots":{"index":"index","follow":"follow","max-snippet":"max-snippet:-1","max-image-preview":"max-image-preview:large","max-video-preview":"max-video-preview:-1"},"canonical":"https:\/\/www.akoneo-international.com\/en\/legal-notices\/","og_locale":"en_US","og_type":"article","og_title":"Legal notices | AKONEO International - Tax Representative","og_description":"Tax representation company specialised in VAT management in France and Europe | Business advice | Akoneo international","og_url":"https:\/\/www.akoneo-international.com\/en\/legal-notices\/","og_site_name":"AKONEO International","article_modified_time":"2021-07-01T16:59:31+00:00","twitter_card":"summary_large_image","twitter_misc":{"Est. reading time":"3 minutes"},"schema":{"@context":"https:\/\/schema.org","@graph":[{"@type":"WebPage","@id":"https:\/\/www.akoneo-international.com\/en\/legal-notices\/","url":"https:\/\/www.akoneo-international.com\/en\/legal-notices\/","name":"Legal notices | AKONEO International - Tax Representative","isPartOf":{"@id":"https:\/\/www.akoneo-international.com\/#website"},"datePublished":"2021-06-07T17:24:44+00:00","dateModified":"2021-07-01T16:59:31+00:00","description":"Tax representation company specialised in VAT management in France and Europe | Business advice | Akoneo international","breadcrumb":{"@id":"https:\/\/www.akoneo-international.com\/en\/legal-notices\/#breadcrumb"},"inLanguage":"en-US","potentialAction":[{"@type":"ReadAction","target":["https:\/\/www.akoneo-international.com\/en\/legal-notices\/"]}]},{"@type":"BreadcrumbList","@id":"https:\/\/www.akoneo-international.com\/en\/legal-notices\/#breadcrumb","itemListElement":[{"@type":"ListItem","position":1,"name":"Accueil","item":"https:\/\/www.akoneo-international.com\/en\/"},{"@type":"ListItem","position":2,"name":"Legal notices"}]},{"@type":"WebSite","@id":"https:\/\/www.akoneo-international.com\/#website","url":"https:\/\/www.akoneo-international.com\/","name":"AKONEO International","description":"Repr\u00e9sentant fiscal dans l\u2019UE","potentialAction":[{"@type":"SearchAction","target":{"@type":"EntryPoint","urlTemplate":"https:\/\/www.akoneo-international.com\/?s={search_term_string}"},"query-input":"required name=search_term_string"}],"inLanguage":"en-US"}]}},"_links":{"self":[{"href":"https:\/\/www.akoneo-international.com\/en\/wp-json\/wp\/v2\/pages\/3831","targetHints":{"allow":["GET"]}}],"collection":[{"href":"https:\/\/www.akoneo-international.com\/en\/wp-json\/wp\/v2\/pages"}],"about":[{"href":"https:\/\/www.akoneo-international.com\/en\/wp-json\/wp\/v2\/types\/page"}],"author":[{"embeddable":true,"href":"https:\/\/www.akoneo-international.com\/en\/wp-json\/wp\/v2\/users\/1"}],"replies":[{"embeddable":true,"href":"https:\/\/www.akoneo-international.com\/en\/wp-json\/wp\/v2\/comments?post=3831"}],"version-history":[{"count":5,"href":"https:\/\/www.akoneo-international.com\/en\/wp-json\/wp\/v2\/pages\/3831\/revisions"}],"predecessor-version":[{"id":3973,"href":"https:\/\/www.akoneo-international.com\/en\/wp-json\/wp\/v2\/pages\/3831\/revisions\/3973"}],"wp:attachment":[{"href":"https:\/\/www.akoneo-international.com\/en\/wp-json\/wp\/v2\/media?parent=3831"}],"curies":[{"name":"wp","href":"https:\/\/api.w.org\/{rel}","templated":true}]}}